{"id":106,"date":"2021-05-07T16:15:16","date_gmt":"2021-05-07T16:15:16","guid":{"rendered":"http:\/\/foodtrucklesmordus.com\/index.php\/menu\/"},"modified":"2026-03-22T14:38:47","modified_gmt":"2026-03-22T14:38:47","slug":"menu","status":"publish","type":"page","link":"https:\/\/foodtrucklesmordus.com\/index.php\/menu\/","title":{"rendered":"Menu du moment"},"content":{"rendered":"\t\t<div data-elementor-type=\"wp-page\" data-elementor-id=\"106\" class=\"elementor elementor-106\">\n\t\t\t\t\t\t<section class=\"elementor-section elementor-top-section elementor-element elementor-element-5c89a02 elementor-section-boxed elementor-section-height-default elementor-section-height-default wpr-particle-no wpr-jarallax-no wpr-parallax-no wpr-sticky-section-no\" data-id=\"5c89a02\" data-element_type=\"section\" data-settings=\"{&quot;background_background&quot;:&quot;classic&quot;}\">\n\t\t\t\t\t\t\t<div class=\"elementor-background-overlay\"><\/div>\n\t\t\t\t\t\t\t<div class=\"elementor-container elementor-column-gap-no\">\n\t\t\t\t\t<div class=\"elementor-column elementor-col-100 elementor-top-column elementor-element elementor-element-4aa8cc6\" data-id=\"4aa8cc6\" data-element_type=\"column\">\n\t\t\t<div class=\"elementor-widget-wrap elementor-element-populated\">\n\t\t\t\t\t\t<div class=\"elementor-element elementor-element-822e8f2 elementor-widget elementor-widget-heading\" data-id=\"822e8f2\" data-element_type=\"widget\" data-widget_type=\"heading.default\">\n\t\t\t\t<div class=\"elementor-widget-container\">\n\t\t\t\t\t<h1 class=\"elementor-heading-title elementor-size-default\">The Menu \"Du moment\"<\/h1>\t\t\t\t<\/div>\n\t\t\t\t<\/div>\n\t\t\t\t\t<\/div>\n\t\t<\/div>\n\t\t\t\t\t<\/div>\n\t\t<\/section>\n\t\t\t\t<section class=\"elementor-section elementor-top-section elementor-element elementor-element-745e5ca elementor-section-boxed elementor-section-height-default elementor-section-height-default wpr-particle-no wpr-jarallax-no wpr-parallax-no wpr-sticky-section-no\" data-id=\"745e5ca\" data-element_type=\"section\">\n\t\t\t\t\t\t<div class=\"elementor-container elementor-column-gap-default\">\n\t\t\t\t\t<div class=\"elementor-column elementor-col-100 elementor-top-column elementor-element elementor-element-7d2c468\" data-id=\"7d2c468\" data-element_type=\"column\">\n\t\t\t<div class=\"elementor-widget-wrap elementor-element-populated\">\n\t\t\t\t\t\t<div class=\"elementor-element elementor-element-b4afe51 elementor-widget elementor-widget-heading\" data-id=\"b4afe51\" data-element_type=\"widget\" data-widget_type=\"heading.default\">\n\t\t\t\t<div class=\"elementor-widget-container\">\n\t\t\t\t\t<h4 class=\"elementor-heading-title elementor-size-default\">Nous vous pr\u00e9sentons notre menu ci-dessous.<\/h4>\t\t\t\t<\/div>\n\t\t\t\t<\/div>\n\t\t\t\t\t<\/div>\n\t\t<\/div>\n\t\t\t\t\t<\/div>\n\t\t<\/section>\n\t\t\t\t<section class=\"elementor-section elementor-top-section elementor-element elementor-element-da9ffdf elementor-section-boxed elementor-section-height-default elementor-section-height-default wpr-particle-no wpr-jarallax-no wpr-parallax-no wpr-sticky-section-no\" data-id=\"da9ffdf\" data-element_type=\"section\">\n\t\t\t\t\t\t<div class=\"elementor-container elementor-column-gap-default\">\n\t\t\t\t\t<div class=\"elementor-column elementor-col-100 elementor-top-column elementor-element elementor-element-bdd8e22\" data-id=\"bdd8e22\" data-element_type=\"column\">\n\t\t\t<div class=\"elementor-widget-wrap elementor-element-populated\">\n\t\t\t\t\t\t<div class=\"elementor-element elementor-element-78a08ad elementor-widget elementor-widget-text-editor\" data-id=\"78a08ad\" data-element_type=\"widget\" data-widget_type=\"text-editor.default\">\n\t\t\t\t<div class=\"elementor-widget-container\">\n\t\t\t\t\t\t\t\t\t<p>Il \u00e9volue toutes les semaines en fonctions de notre inspiration, vos envies et la saisonnalit\u00e9 des produits.\u00a0<\/p><p>Afin de vous offrir la meilleurs exp\u00e9rience qu&rsquo;il soit, nous respectons un certain \u00ab\u00a0sch\u00e9mas\u00a0\u00bb, nous conservons le fish&rsquo;n chips toute l&rsquo;ann\u00e9e en adoptant parfois des variantes ( poissons, sauce) , nous proposons ensuite un plat cuisiner et un dernier plat sal\u00e9 orienter \u00ab\u00a0street food\u00a0\u00bb.<\/p><p>Tout cela dans le m\u00eame esprit des produits de la mer, de la d\u00e9couverte et bien sur de la gourmandise.<\/p><p>vous pourrez \u00e9galement d\u00e9couvrir nos desserts qui vous rendrons accros!<\/p>\t\t\t\t\t\t\t\t<\/div>\n\t\t\t\t<\/div>\n\t\t\t\t\t<\/div>\n\t\t<\/div>\n\t\t\t\t\t<\/div>\n\t\t<\/section>\n\t\t\t\t<section class=\"elementor-section elementor-top-section elementor-element elementor-element-e5113e0 elementor-section-boxed elementor-section-height-default elementor-section-height-default wpr-particle-no wpr-jarallax-no wpr-parallax-no wpr-sticky-section-no\" data-id=\"e5113e0\" data-element_type=\"section\">\n\t\t\t\t\t\t<div class=\"elementor-container elementor-column-gap-default\">\n\t\t\t\t\t<div class=\"elementor-column elementor-col-100 elementor-top-column elementor-element elementor-element-c977bcd\" data-id=\"c977bcd\" data-element_type=\"column\">\n\t\t\t<div class=\"elementor-widget-wrap elementor-element-populated\">\n\t\t\t\t\t\t<div class=\"elementor-element elementor-element-e8ded50 elementor-widget elementor-widget-image\" data-id=\"e8ded50\" data-element_type=\"widget\" data-widget_type=\"image.default\">\n\t\t\t\t<div class=\"elementor-widget-container\">\n\t\t\t\t\t\t\t\t\t\t\t\t\t\t\t<img fetchpriority=\"high\" decoding=\"async\" width=\"768\" height=\"994\" src=\"https:\/\/foodtrucklesmordus.com\/wp-content\/uploads\/2026\/03\/copie-de-copie-de-jaune-et-noir-poisson-fruit-de-mer-nourriture-et-boissons-carte-menu15-768x994.jpg\" class=\"attachment-medium_large size-medium_large wp-image-1715\" alt=\"\" srcset=\"https:\/\/foodtrucklesmordus.com\/wp-content\/uploads\/2026\/03\/copie-de-copie-de-jaune-et-noir-poisson-fruit-de-mer-nourriture-et-boissons-carte-menu15-768x994.jpg 768w, https:\/\/foodtrucklesmordus.com\/wp-content\/uploads\/2026\/03\/copie-de-copie-de-jaune-et-noir-poisson-fruit-de-mer-nourriture-et-boissons-carte-menu15-232x300.jpg 232w, https:\/\/foodtrucklesmordus.com\/wp-content\/uploads\/2026\/03\/copie-de-copie-de-jaune-et-noir-poisson-fruit-de-mer-nourriture-et-boissons-carte-menu15-791x1024.jpg 791w, https:\/\/foodtrucklesmordus.com\/wp-content\/uploads\/2026\/03\/copie-de-copie-de-jaune-et-noir-poisson-fruit-de-mer-nourriture-et-boissons-carte-menu15-1187x1536.jpg 1187w, https:\/\/foodtrucklesmordus.com\/wp-content\/uploads\/2026\/03\/copie-de-copie-de-jaune-et-noir-poisson-fruit-de-mer-nourriture-et-boissons-carte-menu15.jpg 1545w\" sizes=\"(max-width: 768px) 100vw, 768px\" \/>\t\t\t\t\t\t\t\t\t\t\t\t\t\t\t<\/div>\n\t\t\t\t<\/div>\n\t\t\t\t\t<\/div>\n\t\t<\/div>\n\t\t\t\t\t<\/div>\n\t\t<\/section>\n\t\t\t\t<section class=\"elementor-section elementor-top-section elementor-element elementor-element-f542d44 elementor-section-boxed elementor-section-height-default elementor-section-height-default wpr-particle-no wpr-jarallax-no wpr-parallax-no wpr-sticky-section-no\" data-id=\"f542d44\" data-element_type=\"section\">\n\t\t\t\t\t\t<div class=\"elementor-container elementor-column-gap-default\">\n\t\t\t\t\t<div class=\"elementor-column elementor-col-100 elementor-top-column elementor-element elementor-element-fda3c86\" data-id=\"fda3c86\" data-element_type=\"column\">\n\t\t\t<div class=\"elementor-widget-wrap\">\n\t\t\t\t\t\t\t<\/div>\n\t\t<\/div>\n\t\t\t\t\t<\/div>\n\t\t<\/section>\n\t\t\t\t<\/div>\n\t\t","protected":false},"excerpt":{"rendered":"<p>The Menu \u00ab\u00a0Du moment\u00a0\u00bb Nous vous pr\u00e9sentons notre menu ci-dessous. Il \u00e9volue toutes les semaines en fonctions de notre inspiration, vos envies et la saisonnalit\u00e9 des produits.\u00a0 Afin de vous offrir la meilleurs exp\u00e9rience qu&rsquo;il soit, nous respectons un certain \u00ab\u00a0sch\u00e9mas\u00a0\u00bb, nous conservons le fish&rsquo;n chips toute l&rsquo;ann\u00e9e en adoptant parfois des variantes ( poissons, sauce) , nous proposons ensuite un plat cuisiner et un dernier plat sal\u00e9 orienter \u00ab\u00a0street food\u00a0\u00bb. Tout cela dans le m\u00eame esprit des produits de la mer, de la d\u00e9couverte et bien sur de la gourmandise. vous pourrez \u00e9galement d\u00e9couvrir nos desserts qui vous rendrons accros!<\/p>\n","protected":false},"author":1,"featured_media":0,"parent":0,"menu_order":0,"comment_status":"closed","ping_status":"closed","template":"","meta":{"site-sidebar-layout":"no-sidebar","site-content-layout":"page-builder","ast-site-content-layout":"default","site-content-style":"default","site-sidebar-style":"default","ast-global-header-display":"","ast-banner-title-visibility":"","ast-main-header-display":"","ast-hfb-above-header-display":"","ast-hfb-below-header-display":"","ast-hfb-mobile-header-display":"","site-post-title":"disabled","ast-breadcrumbs-content":"","ast-featured-img":"disabled","footer-sml-layout":"","theme-transparent-header-meta":"enabled","adv-header-id-meta":"","stick-header-meta":"","header-above-stick-meta":"","header-main-stick-meta":"","header-below-stick-meta":"","astra-migrate-meta-layouts":"default","ast-page-background-enabled":"default","ast-page-background-meta":{"desktop":{"background-color":"","background-image":"","background-repeat":"repeat","background-position":"center center","background-size":"auto","background-attachment":"scroll","background-type":"","background-media":"","overlay-type":"","overlay-color":"","overlay-opacity":"","overlay-gradient":""},"tablet":{"background-color":"","background-image":"","background-repeat":"repeat","background-position":"center center","background-size":"auto","background-attachment":"scroll","background-type":"","background-media":"","overlay-type":"","overlay-color":"","overlay-opacity":"","overlay-gradient":""},"mobile":{"background-color":"","background-image":"","background-repeat":"repeat","background-position":"center center","background-size":"auto","background-attachment":"scroll","background-type":"","background-media":"","overlay-type":"","overlay-color":"","overlay-opacity":"","overlay-gradient":""}},"ast-content-background-meta":{"desktop":{"background-color":"var(--ast-global-color-5)","background-image":"","background-repeat":"repeat","background-position":"center center","background-size":"auto","background-attachment":"scroll","background-type":"","background-media":"","overlay-type":"","overlay-color":"","overlay-opacity":"","overlay-gradient":""},"tablet":{"background-color":"var(--ast-global-color-5)","background-image":"","background-repeat":"repeat","background-position":"center center","background-size":"auto","background-attachment":"scroll","background-type":"","background-media":"","overlay-type":"","overlay-color":"","overlay-opacity":"","overlay-gradient":""},"mobile":{"background-color":"var(--ast-global-color-5)","background-image":"","background-repeat":"repeat","background-position":"center center","background-size":"auto","background-attachment":"scroll","background-type":"","background-media":"","overlay-type":"","overlay-color":"","overlay-opacity":"","overlay-gradient":""}},"footnotes":""},"class_list":["post-106","page","type-page","status-publish","hentry"],"yoast_head":"<!-- This site is optimized with the Yoast SEO plugin v26.6 - https:\/\/yoast.com\/wordpress\/plugins\/seo\/ -->\n<title>Menu du moment | les mordus<\/title>\n<meta name=\"robots\" content=\"index, follow, max-snippet:-1, max-image-preview:large, max-video-preview:-1\" \/>\n<link rel=\"canonical\" href=\"https:\/\/foodtrucklesmordus.com\/index.php\/menu\/\" \/>\n<meta property=\"og:locale\" content=\"fr_FR\" \/>\n<meta property=\"og:type\" content=\"article\" \/>\n<meta property=\"og:title\" content=\"Menu du moment | les mordus\" \/>\n<meta property=\"og:description\" content=\"The Menu \u00ab\u00a0Du moment\u00a0\u00bb Nous vous pr\u00e9sentons notre menu ci-dessous. Il \u00e9volue toutes les semaines en fonctions de notre inspiration, vos envies et la saisonnalit\u00e9 des produits.\u00a0 Afin de vous offrir la meilleurs exp\u00e9rience qu&rsquo;il soit, nous respectons un certain \u00ab\u00a0sch\u00e9mas\u00a0\u00bb, nous conservons le fish&rsquo;n chips toute l&rsquo;ann\u00e9e en adoptant parfois des variantes ( poissons, sauce) , nous proposons ensuite un plat cuisiner et un dernier plat sal\u00e9 orienter \u00ab\u00a0street food\u00a0\u00bb. Tout cela dans le m\u00eame esprit des produits de la mer, de la d\u00e9couverte et bien sur de la gourmandise. vous pourrez \u00e9galement d\u00e9couvrir nos desserts qui vous rendrons accros!\" \/>\n<meta property=\"og:url\" content=\"https:\/\/foodtrucklesmordus.com\/index.php\/menu\/\" \/>\n<meta property=\"og:site_name\" content=\"les mordus\" \/>\n<meta property=\"article:publisher\" content=\"https:\/\/www.facebook.com\/profile.php?id=100087249412629\" \/>\n<meta property=\"article:modified_time\" content=\"2026-03-22T14:38:47+00:00\" \/>\n<meta property=\"og:image\" content=\"https:\/\/foodtrucklesmordus.com\/wp-content\/uploads\/2026\/03\/copie-de-copie-de-jaune-et-noir-poisson-fruit-de-mer-nourriture-et-boissons-carte-menu15.jpg\" \/>\n\t<meta property=\"og:image:width\" content=\"1545\" \/>\n\t<meta property=\"og:image:height\" content=\"1999\" \/>\n\t<meta property=\"og:image:type\" content=\"image\/jpeg\" \/>\n<meta name=\"twitter:card\" content=\"summary_large_image\" \/>\n<meta name=\"twitter:label1\" content=\"Dur\u00e9e de lecture estim\u00e9e\" \/>\n\t<meta name=\"twitter:data1\" content=\"1 minute\" \/>\n<script type=\"application\/ld+json\" class=\"yoast-schema-graph\">{\"@context\":\"https:\/\/schema.org\",\"@graph\":[{\"@type\":\"WebPage\",\"@id\":\"https:\/\/foodtrucklesmordus.com\/index.php\/menu\/\",\"url\":\"https:\/\/foodtrucklesmordus.com\/index.php\/menu\/\",\"name\":\"Menu du moment | les mordus\",\"isPartOf\":{\"@id\":\"https:\/\/foodtrucklesmordus.com\/#website\"},\"primaryImageOfPage\":{\"@id\":\"https:\/\/foodtrucklesmordus.com\/index.php\/menu\/#primaryimage\"},\"image\":{\"@id\":\"https:\/\/foodtrucklesmordus.com\/index.php\/menu\/#primaryimage\"},\"thumbnailUrl\":\"https:\/\/foodtrucklesmordus.com\/wp-content\/uploads\/2026\/03\/copie-de-copie-de-jaune-et-noir-poisson-fruit-de-mer-nourriture-et-boissons-carte-menu15-768x994.jpg\",\"datePublished\":\"2021-05-07T16:15:16+00:00\",\"dateModified\":\"2026-03-22T14:38:47+00:00\",\"breadcrumb\":{\"@id\":\"https:\/\/foodtrucklesmordus.com\/index.php\/menu\/#breadcrumb\"},\"inLanguage\":\"fr-FR\",\"potentialAction\":[{\"@type\":\"ReadAction\",\"target\":[\"https:\/\/foodtrucklesmordus.com\/index.php\/menu\/\"]}]},{\"@type\":\"ImageObject\",\"inLanguage\":\"fr-FR\",\"@id\":\"https:\/\/foodtrucklesmordus.com\/index.php\/menu\/#primaryimage\",\"url\":\"https:\/\/foodtrucklesmordus.com\/wp-content\/uploads\/2026\/03\/copie-de-copie-de-jaune-et-noir-poisson-fruit-de-mer-nourriture-et-boissons-carte-menu15.jpg\",\"contentUrl\":\"https:\/\/foodtrucklesmordus.com\/wp-content\/uploads\/2026\/03\/copie-de-copie-de-jaune-et-noir-poisson-fruit-de-mer-nourriture-et-boissons-carte-menu15.jpg\",\"width\":1545,\"height\":1999},{\"@type\":\"BreadcrumbList\",\"@id\":\"https:\/\/foodtrucklesmordus.com\/index.php\/menu\/#breadcrumb\",\"itemListElement\":[{\"@type\":\"ListItem\",\"position\":1,\"name\":\"Accueil\",\"item\":\"https:\/\/foodtrucklesmordus.com\/\"},{\"@type\":\"ListItem\",\"position\":2,\"name\":\"Menu du moment\"}]},{\"@type\":\"WebSite\",\"@id\":\"https:\/\/foodtrucklesmordus.com\/#website\",\"url\":\"https:\/\/foodtrucklesmordus.com\/\",\"name\":\"food truck les mordus\",\"description\":\"food truck produits de la mer\",\"publisher\":{\"@id\":\"https:\/\/foodtrucklesmordus.com\/#organization\"},\"alternateName\":\"les mordus\",\"potentialAction\":[{\"@type\":\"SearchAction\",\"target\":{\"@type\":\"EntryPoint\",\"urlTemplate\":\"https:\/\/foodtrucklesmordus.com\/?s={search_term_string}\"},\"query-input\":{\"@type\":\"PropertyValueSpecification\",\"valueRequired\":true,\"valueName\":\"search_term_string\"}}],\"inLanguage\":\"fr-FR\"},{\"@type\":\"Organization\",\"@id\":\"https:\/\/foodtrucklesmordus.com\/#organization\",\"name\":\"les mordus\",\"url\":\"https:\/\/foodtrucklesmordus.com\/\",\"logo\":{\"@type\":\"ImageObject\",\"inLanguage\":\"fr-FR\",\"@id\":\"https:\/\/foodtrucklesmordus.com\/#\/schema\/logo\/image\/\",\"url\":\"https:\/\/foodtrucklesmordus.com\/wp-content\/uploads\/2022\/11\/cropped-les-mordus.png\",\"contentUrl\":\"https:\/\/foodtrucklesmordus.com\/wp-content\/uploads\/2022\/11\/cropped-les-mordus.png\",\"width\":500,\"height\":500,\"caption\":\"les mordus\"},\"image\":{\"@id\":\"https:\/\/foodtrucklesmordus.com\/#\/schema\/logo\/image\/\"},\"sameAs\":[\"https:\/\/www.facebook.com\/profile.php?id=100087249412629\",\"https:\/\/www.instagram.com\/foodtrucklesmordus\/?hl=fr\"]}]}<\/script>\n<!-- \/ Yoast SEO plugin. -->","yoast_head_json":{"title":"Menu du moment | les mordus","robots":{"index":"index","follow":"follow","max-snippet":"max-snippet:-1","max-image-preview":"max-image-preview:large","max-video-preview":"max-video-preview:-1"},"canonical":"https:\/\/foodtrucklesmordus.com\/index.php\/menu\/","og_locale":"fr_FR","og_type":"article","og_title":"Menu du moment | les mordus","og_description":"The Menu \u00ab\u00a0Du moment\u00a0\u00bb Nous vous pr\u00e9sentons notre menu ci-dessous. Il \u00e9volue toutes les semaines en fonctions de notre inspiration, vos envies et la saisonnalit\u00e9 des produits.\u00a0 Afin de vous offrir la meilleurs exp\u00e9rience qu&rsquo;il soit, nous respectons un certain \u00ab\u00a0sch\u00e9mas\u00a0\u00bb, nous conservons le fish&rsquo;n chips toute l&rsquo;ann\u00e9e en adoptant parfois des variantes ( poissons, sauce) , nous proposons ensuite un plat cuisiner et un dernier plat sal\u00e9 orienter \u00ab\u00a0street food\u00a0\u00bb. Tout cela dans le m\u00eame esprit des produits de la mer, de la d\u00e9couverte et bien sur de la gourmandise. vous pourrez \u00e9galement d\u00e9couvrir nos desserts qui vous rendrons accros!","og_url":"https:\/\/foodtrucklesmordus.com\/index.php\/menu\/","og_site_name":"les mordus","article_publisher":"https:\/\/www.facebook.com\/profile.php?id=100087249412629","article_modified_time":"2026-03-22T14:38:47+00:00","og_image":[{"width":1545,"height":1999,"url":"https:\/\/foodtrucklesmordus.com\/wp-content\/uploads\/2026\/03\/copie-de-copie-de-jaune-et-noir-poisson-fruit-de-mer-nourriture-et-boissons-carte-menu15.jpg","type":"image\/jpeg"}],"twitter_card":"summary_large_image","twitter_misc":{"Dur\u00e9e de lecture estim\u00e9e":"1 minute"},"schema":{"@context":"https:\/\/schema.org","@graph":[{"@type":"WebPage","@id":"https:\/\/foodtrucklesmordus.com\/index.php\/menu\/","url":"https:\/\/foodtrucklesmordus.com\/index.php\/menu\/","name":"Menu du moment | les mordus","isPartOf":{"@id":"https:\/\/foodtrucklesmordus.com\/#website"},"primaryImageOfPage":{"@id":"https:\/\/foodtrucklesmordus.com\/index.php\/menu\/#primaryimage"},"image":{"@id":"https:\/\/foodtrucklesmordus.com\/index.php\/menu\/#primaryimage"},"thumbnailUrl":"https:\/\/foodtrucklesmordus.com\/wp-content\/uploads\/2026\/03\/copie-de-copie-de-jaune-et-noir-poisson-fruit-de-mer-nourriture-et-boissons-carte-menu15-768x994.jpg","datePublished":"2021-05-07T16:15:16+00:00","dateModified":"2026-03-22T14:38:47+00:00","breadcrumb":{"@id":"https:\/\/foodtrucklesmordus.com\/index.php\/menu\/#breadcrumb"},"inLanguage":"fr-FR","potentialAction":[{"@type":"ReadAction","target":["https:\/\/foodtrucklesmordus.com\/index.php\/menu\/"]}]},{"@type":"ImageObject","inLanguage":"fr-FR","@id":"https:\/\/foodtrucklesmordus.com\/index.php\/menu\/#primaryimage","url":"https:\/\/foodtrucklesmordus.com\/wp-content\/uploads\/2026\/03\/copie-de-copie-de-jaune-et-noir-poisson-fruit-de-mer-nourriture-et-boissons-carte-menu15.jpg","contentUrl":"https:\/\/foodtrucklesmordus.com\/wp-content\/uploads\/2026\/03\/copie-de-copie-de-jaune-et-noir-poisson-fruit-de-mer-nourriture-et-boissons-carte-menu15.jpg","width":1545,"height":1999},{"@type":"BreadcrumbList","@id":"https:\/\/foodtrucklesmordus.com\/index.php\/menu\/#breadcrumb","itemListElement":[{"@type":"ListItem","position":1,"name":"Accueil","item":"https:\/\/foodtrucklesmordus.com\/"},{"@type":"ListItem","position":2,"name":"Menu du moment"}]},{"@type":"WebSite","@id":"https:\/\/foodtrucklesmordus.com\/#website","url":"https:\/\/foodtrucklesmordus.com\/","name":"food truck les mordus","description":"food truck produits de la mer","publisher":{"@id":"https:\/\/foodtrucklesmordus.com\/#organization"},"alternateName":"les mordus","potentialAction":[{"@type":"SearchAction","target":{"@type":"EntryPoint","urlTemplate":"https:\/\/foodtrucklesmordus.com\/?s={search_term_string}"},"query-input":{"@type":"PropertyValueSpecification","valueRequired":true,"valueName":"search_term_string"}}],"inLanguage":"fr-FR"},{"@type":"Organization","@id":"https:\/\/foodtrucklesmordus.com\/#organization","name":"les mordus","url":"https:\/\/foodtrucklesmordus.com\/","logo":{"@type":"ImageObject","inLanguage":"fr-FR","@id":"https:\/\/foodtrucklesmordus.com\/#\/schema\/logo\/image\/","url":"https:\/\/foodtrucklesmordus.com\/wp-content\/uploads\/2022\/11\/cropped-les-mordus.png","contentUrl":"https:\/\/foodtrucklesmordus.com\/wp-content\/uploads\/2022\/11\/cropped-les-mordus.png","width":500,"height":500,"caption":"les mordus"},"image":{"@id":"https:\/\/foodtrucklesmordus.com\/#\/schema\/logo\/image\/"},"sameAs":["https:\/\/www.facebook.com\/profile.php?id=100087249412629","https:\/\/www.instagram.com\/foodtrucklesmordus\/?hl=fr"]}]}},"_links":{"self":[{"href":"https:\/\/foodtrucklesmordus.com\/index.php\/wp-json\/wp\/v2\/pages\/106","targetHints":{"allow":["GET"]}}],"collection":[{"href":"https:\/\/foodtrucklesmordus.com\/index.php\/wp-json\/wp\/v2\/pages"}],"about":[{"href":"https:\/\/foodtrucklesmordus.com\/index.php\/wp-json\/wp\/v2\/types\/page"}],"author":[{"embeddable":true,"href":"https:\/\/foodtrucklesmordus.com\/index.php\/wp-json\/wp\/v2\/users\/1"}],"replies":[{"embeddable":true,"href":"https:\/\/foodtrucklesmordus.com\/index.php\/wp-json\/wp\/v2\/comments?post=106"}],"version-history":[{"count":163,"href":"https:\/\/foodtrucklesmordus.com\/index.php\/wp-json\/wp\/v2\/pages\/106\/revisions"}],"predecessor-version":[{"id":1722,"href":"https:\/\/foodtrucklesmordus.com\/index.php\/wp-json\/wp\/v2\/pages\/106\/revisions\/1722"}],"wp:attachment":[{"href":"https:\/\/foodtrucklesmordus.com\/index.php\/wp-json\/wp\/v2\/media?parent=106"}],"curies":[{"name":"wp","href":"https:\/\/api.w.org\/{rel}","templated":true}]}}