{"id":279,"date":"2022-11-11T10:56:03","date_gmt":"2022-11-11T10:56:03","guid":{"rendered":"https:\/\/foodtrucklesmordus.com\/?page_id=279"},"modified":"2025-01-03T17:56:56","modified_gmt":"2025-01-03T17:56:56","slug":"emplacements","status":"publish","type":"page","link":"https:\/\/foodtrucklesmordus.com\/index.php\/emplacements\/","title":{"rendered":"Emplacements"},"content":{"rendered":"\t\t<div data-elementor-type=\"wp-page\" data-elementor-id=\"279\" class=\"elementor elementor-279\">\n\t\t\t\t\t\t<section class=\"elementor-section elementor-top-section elementor-element elementor-element-e4265cd elementor-section-boxed elementor-section-height-default elementor-section-height-default wpr-particle-no wpr-jarallax-no wpr-parallax-no wpr-sticky-section-no\" data-id=\"e4265cd\" data-element_type=\"section\" data-settings=\"{&quot;background_background&quot;:&quot;classic&quot;}\">\n\t\t\t\t\t\t\t<div class=\"elementor-background-overlay\"><\/div>\n\t\t\t\t\t\t\t<div class=\"elementor-container elementor-column-gap-default\">\n\t\t\t\t\t<div class=\"elementor-column elementor-col-50 elementor-top-column elementor-element elementor-element-95a297f\" data-id=\"95a297f\" data-element_type=\"column\">\n\t\t\t<div class=\"elementor-widget-wrap elementor-element-populated\">\n\t\t\t\t\t\t<div class=\"elementor-element elementor-element-ab6b91a elementor-invisible elementor-widget elementor-widget-heading\" data-id=\"ab6b91a\" data-element_type=\"widget\" data-settings=\"{&quot;_animation&quot;:&quot;slideInDown&quot;}\" data-widget_type=\"heading.default\">\n\t\t\t\t<div class=\"elementor-widget-container\">\n\t\t\t\t\t<h1 class=\"elementor-heading-title elementor-size-default\">Food Truck Les Mordus<\/h1>\t\t\t\t<\/div>\n\t\t\t\t<\/div>\n\t\t\t\t<div class=\"elementor-element elementor-element-17d0bdb elementor-widget-divider--view-line elementor-widget elementor-widget-divider\" data-id=\"17d0bdb\" data-element_type=\"widget\" data-widget_type=\"divider.default\">\n\t\t\t\t<div class=\"elementor-widget-container\">\n\t\t\t\t\t\t\t<div class=\"elementor-divider\">\n\t\t\t<span class=\"elementor-divider-separator\">\n\t\t\t\t\t\t<\/span>\n\t\t<\/div>\n\t\t\t\t\t\t<\/div>\n\t\t\t\t<\/div>\n\t\t\t\t<div class=\"elementor-element elementor-element-84edbe9 elementor-invisible elementor-widget elementor-widget-heading\" data-id=\"84edbe9\" data-element_type=\"widget\" data-settings=\"{&quot;_animation&quot;:&quot;slideInDown&quot;}\" data-widget_type=\"heading.default\">\n\t\t\t\t<div class=\"elementor-widget-container\">\n\t\t\t\t\t<h4 class=\"elementor-heading-title elementor-size-default\">Street food \u00e0 Aix en Provence<\/h4>\t\t\t\t<\/div>\n\t\t\t\t<\/div>\n\t\t\t\t<div class=\"elementor-element elementor-element-a5853af elementor-widget-divider--view-line elementor-widget elementor-widget-divider\" data-id=\"a5853af\" data-element_type=\"widget\" data-widget_type=\"divider.default\">\n\t\t\t\t<div class=\"elementor-widget-container\">\n\t\t\t\t\t\t\t<div class=\"elementor-divider\">\n\t\t\t<span class=\"elementor-divider-separator\">\n\t\t\t\t\t\t<\/span>\n\t\t<\/div>\n\t\t\t\t\t\t<\/div>\n\t\t\t\t<\/div>\n\t\t\t\t\t<\/div>\n\t\t<\/div>\n\t\t\t\t<div class=\"elementor-column elementor-col-50 elementor-top-column elementor-element elementor-element-e775d61\" data-id=\"e775d61\" data-element_type=\"column\">\n\t\t\t<div class=\"elementor-widget-wrap elementor-element-populated\">\n\t\t\t\t\t\t<div class=\"elementor-element elementor-element-9450329 elementor-widget elementor-widget-image\" data-id=\"9450329\" data-element_type=\"widget\" data-widget_type=\"image.default\">\n\t\t\t\t<div class=\"elementor-widget-container\">\n\t\t\t\t\t\t\t\t\t\t\t\t\t\t\t<img fetchpriority=\"high\" decoding=\"async\" width=\"300\" height=\"300\" src=\"https:\/\/foodtrucklesmordus.com\/wp-content\/uploads\/2022\/11\/les-mordus-300x300.png\" class=\"attachment-medium size-medium wp-image-655\" alt=\"\" srcset=\"https:\/\/foodtrucklesmordus.com\/wp-content\/uploads\/2022\/11\/les-mordus-300x300.png 300w, https:\/\/foodtrucklesmordus.com\/wp-content\/uploads\/2022\/11\/les-mordus-150x150.png 150w, https:\/\/foodtrucklesmordus.com\/wp-content\/uploads\/2022\/11\/les-mordus.png 500w\" sizes=\"(max-width: 300px) 100vw, 300px\" \/>\t\t\t\t\t\t\t\t\t\t\t\t\t\t\t<\/div>\n\t\t\t\t<\/div>\n\t\t\t\t\t<\/div>\n\t\t<\/div>\n\t\t\t\t\t<\/div>\n\t\t<\/section>\n\t\t\t\t<section class=\"elementor-section elementor-top-section elementor-element elementor-element-1b8d868 elementor-section-boxed elementor-section-height-default elementor-section-height-default wpr-particle-no wpr-jarallax-no wpr-parallax-no wpr-sticky-section-no\" data-id=\"1b8d868\" data-element_type=\"section\">\n\t\t\t\t\t\t<div class=\"elementor-container elementor-column-gap-default\">\n\t\t\t\t\t<div class=\"elementor-column elementor-col-100 elementor-top-column elementor-element elementor-element-36bc516\" data-id=\"36bc516\" data-element_type=\"column\">\n\t\t\t<div class=\"elementor-widget-wrap elementor-element-populated\">\n\t\t\t\t\t\t<div class=\"elementor-element elementor-element-b96fb7e elementor-widget elementor-widget-heading\" data-id=\"b96fb7e\" data-element_type=\"widget\" data-widget_type=\"heading.default\">\n\t\t\t\t<div class=\"elementor-widget-container\">\n\t\t\t\t\t<h2 class=\"elementor-heading-title elementor-size-default\">Retrouvez notre food-truck sur nos emplacements r\u00e9guliers<\/h2>\t\t\t\t<\/div>\n\t\t\t\t<\/div>\n\t\t\t\t<div class=\"elementor-element elementor-element-49f63be elementor-widget elementor-widget-text-editor\" data-id=\"49f63be\" data-element_type=\"widget\" data-widget_type=\"text-editor.default\">\n\t\t\t\t<div class=\"elementor-widget-container\">\n\t\t\t\t\t\t\t\t\t<ul>\n<li>\n<h4><a href=\"https:\/\/foodtrucklesmordus.com\/index.php\/mercredi-soir\/\">Mardi chez Monext La Duranne<br><\/a><\/h4>\n<\/li>\n<li>\n<h4><a href=\"https:\/\/foodtrucklesmordus.com\/index.php\/mercredi-semaine-paire\/\" target=\"_blank\" rel=\"noopener\">Mercredi midi semaine impaire coworking l\u2019\u00e9pop\u00e9e \u00e0 Marseille<\/a><\/h4>\n<\/li>\n<li>\n<h4><a href=\"https:\/\/foodtrucklesmordus.com\/index.php\/jeudi-midi\/\">jeudi midi impaire Sotway medical La Barque<\/a><\/h4><\/li><li><br><\/li>\n<li>\n<h4><a href=\"https:\/\/foodtrucklesmordus.com\/index.php\/vendredi-midi\/\">Vendredi midi \u00e0 Airbus helicopters \u00e0 Marignane<\/a><\/h4>\n<\/li>\n<\/ul>\t\t\t\t\t\t\t\t<\/div>\n\t\t\t\t<\/div>\n\t\t\t\t\t<\/div>\n\t\t<\/div>\n\t\t\t\t\t<\/div>\n\t\t<\/section>\n\t\t\t\t<\/div>\n\t\t","protected":false},"excerpt":{"rendered":"<p>Food Truck Les Mordus Street food \u00e0 Aix en Provence Retrouvez notre food-truck sur nos emplacements r\u00e9guliers Mardi chez Monext La Duranne Mercredi midi semaine impaire coworking l\u2019\u00e9pop\u00e9e \u00e0 Marseille jeudi midi impaire Sotway medical La Barque Vendredi midi \u00e0 Airbus helicopters \u00e0 Marignane<\/p>\n","protected":false},"author":1,"featured_media":0,"parent":0,"menu_order":0,"comment_status":"closed","ping_status":"closed","template":"","meta":{"site-sidebar-layout":"no-sidebar","site-content-layout":"page-builder","ast-site-content-layout":"default","site-content-style":"default","site-sidebar-style":"default","ast-global-header-display":"","ast-banner-title-visibility":"","ast-main-header-display":"","ast-hfb-above-header-display":"","ast-hfb-below-header-display":"","ast-hfb-mobile-header-display":"","site-post-title":"disabled","ast-breadcrumbs-content":"","ast-featured-img":"disabled","footer-sml-layout":"","theme-transparent-header-meta":"","adv-header-id-meta":"","stick-header-meta":"","header-above-stick-meta":"","header-main-stick-meta":"","header-below-stick-meta":"","astra-migrate-meta-layouts":"default","ast-page-background-enabled":"default","ast-page-background-meta":{"desktop":{"background-color":"","background-image":"","background-repeat":"repeat","background-position":"center center","background-size":"auto","background-attachment":"scroll","background-type":"","background-media":"","overlay-type":"","overlay-color":"","overlay-opacity":"","overlay-gradient":""},"tablet":{"background-color":"","background-image":"","background-repeat":"repeat","background-position":"center center","background-size":"auto","background-attachment":"scroll","background-type":"","background-media":"","overlay-type":"","overlay-color":"","overlay-opacity":"","overlay-gradient":""},"mobile":{"background-color":"","background-image":"","background-repeat":"repeat","background-position":"center center","background-size":"auto","background-attachment":"scroll","background-type":"","background-media":"","overlay-type":"","overlay-color":"","overlay-opacity":"","overlay-gradient":""}},"ast-content-background-meta":{"desktop":{"background-color":"var(--ast-global-color-5)","background-image":"","background-repeat":"repeat","background-position":"center center","background-size":"auto","background-attachment":"scroll","background-type":"","background-media":"","overlay-type":"","overlay-color":"","overlay-opacity":"","overlay-gradient":""},"tablet":{"background-color":"var(--ast-global-color-5)","background-image":"","background-repeat":"repeat","background-position":"center center","background-size":"auto","background-attachment":"scroll","background-type":"","background-media":"","overlay-type":"","overlay-color":"","overlay-opacity":"","overlay-gradient":""},"mobile":{"background-color":"var(--ast-global-color-5)","background-image":"","background-repeat":"repeat","background-position":"center center","background-size":"auto","background-attachment":"scroll","background-type":"","background-media":"","overlay-type":"","overlay-color":"","overlay-opacity":"","overlay-gradient":""}},"footnotes":""},"class_list":["post-279","page","type-page","status-publish","hentry"],"yoast_head":"<!-- This site is optimized with the Yoast SEO plugin v26.6 - https:\/\/yoast.com\/wordpress\/plugins\/seo\/ -->\n<title>Emplacements | les mordus<\/title>\n<meta name=\"description\" content=\"emplacement r\u00e9gulier du food truck les mordus \u00e0 aix-en-provence, food truck specialis\u00e9 dans les produits de la mer\" \/>\n<meta name=\"robots\" content=\"index, follow, max-snippet:-1, max-image-preview:large, max-video-preview:-1\" \/>\n<link rel=\"canonical\" href=\"https:\/\/foodtrucklesmordus.com\/index.php\/emplacements\/\" \/>\n<meta property=\"og:locale\" content=\"fr_FR\" \/>\n<meta property=\"og:type\" content=\"article\" \/>\n<meta property=\"og:title\" content=\"Emplacements | les mordus\" \/>\n<meta property=\"og:description\" content=\"emplacement r\u00e9gulier du food truck les mordus \u00e0 aix-en-provence, food truck specialis\u00e9 dans les produits de la mer\" \/>\n<meta property=\"og:url\" content=\"https:\/\/foodtrucklesmordus.com\/index.php\/emplacements\/\" \/>\n<meta property=\"og:site_name\" content=\"les mordus\" \/>\n<meta property=\"article:publisher\" content=\"https:\/\/www.facebook.com\/profile.php?id=100087249412629\" \/>\n<meta property=\"article:modified_time\" content=\"2025-01-03T17:56:56+00:00\" \/>\n<meta property=\"og:image\" content=\"http:\/\/foodtrucklesmordus.com\/wp-content\/uploads\/2022\/11\/les-mordus-300x300.png\" \/>\n<meta name=\"twitter:card\" content=\"summary_large_image\" \/>\n<meta name=\"twitter:label1\" content=\"Dur\u00e9e de lecture estim\u00e9e\" \/>\n\t<meta name=\"twitter:data1\" content=\"1 minute\" \/>\n<script type=\"application\/ld+json\" class=\"yoast-schema-graph\">{\"@context\":\"https:\/\/schema.org\",\"@graph\":[{\"@type\":\"WebPage\",\"@id\":\"https:\/\/foodtrucklesmordus.com\/index.php\/emplacements\/\",\"url\":\"https:\/\/foodtrucklesmordus.com\/index.php\/emplacements\/\",\"name\":\"Emplacements | les mordus\",\"isPartOf\":{\"@id\":\"https:\/\/foodtrucklesmordus.com\/#website\"},\"primaryImageOfPage\":{\"@id\":\"https:\/\/foodtrucklesmordus.com\/index.php\/emplacements\/#primaryimage\"},\"image\":{\"@id\":\"https:\/\/foodtrucklesmordus.com\/index.php\/emplacements\/#primaryimage\"},\"thumbnailUrl\":\"http:\/\/foodtrucklesmordus.com\/wp-content\/uploads\/2022\/11\/les-mordus-300x300.png\",\"datePublished\":\"2022-11-11T10:56:03+00:00\",\"dateModified\":\"2025-01-03T17:56:56+00:00\",\"description\":\"emplacement r\u00e9gulier du food truck les mordus \u00e0 aix-en-provence, food truck specialis\u00e9 dans les produits de la mer\",\"breadcrumb\":{\"@id\":\"https:\/\/foodtrucklesmordus.com\/index.php\/emplacements\/#breadcrumb\"},\"inLanguage\":\"fr-FR\",\"potentialAction\":[{\"@type\":\"ReadAction\",\"target\":[\"https:\/\/foodtrucklesmordus.com\/index.php\/emplacements\/\"]}]},{\"@type\":\"ImageObject\",\"inLanguage\":\"fr-FR\",\"@id\":\"https:\/\/foodtrucklesmordus.com\/index.php\/emplacements\/#primaryimage\",\"url\":\"https:\/\/foodtrucklesmordus.com\/wp-content\/uploads\/2022\/11\/les-mordus.png\",\"contentUrl\":\"https:\/\/foodtrucklesmordus.com\/wp-content\/uploads\/2022\/11\/les-mordus.png\",\"width\":500,\"height\":500},{\"@type\":\"BreadcrumbList\",\"@id\":\"https:\/\/foodtrucklesmordus.com\/index.php\/emplacements\/#breadcrumb\",\"itemListElement\":[{\"@type\":\"ListItem\",\"position\":1,\"name\":\"Accueil\",\"item\":\"https:\/\/foodtrucklesmordus.com\/\"},{\"@type\":\"ListItem\",\"position\":2,\"name\":\"Emplacements\"}]},{\"@type\":\"WebSite\",\"@id\":\"https:\/\/foodtrucklesmordus.com\/#website\",\"url\":\"https:\/\/foodtrucklesmordus.com\/\",\"name\":\"food truck les mordus\",\"description\":\"food truck produits de la mer\",\"publisher\":{\"@id\":\"https:\/\/foodtrucklesmordus.com\/#organization\"},\"alternateName\":\"les mordus\",\"potentialAction\":[{\"@type\":\"SearchAction\",\"target\":{\"@type\":\"EntryPoint\",\"urlTemplate\":\"https:\/\/foodtrucklesmordus.com\/?s={search_term_string}\"},\"query-input\":{\"@type\":\"PropertyValueSpecification\",\"valueRequired\":true,\"valueName\":\"search_term_string\"}}],\"inLanguage\":\"fr-FR\"},{\"@type\":\"Organization\",\"@id\":\"https:\/\/foodtrucklesmordus.com\/#organization\",\"name\":\"les mordus\",\"url\":\"https:\/\/foodtrucklesmordus.com\/\",\"logo\":{\"@type\":\"ImageObject\",\"inLanguage\":\"fr-FR\",\"@id\":\"https:\/\/foodtrucklesmordus.com\/#\/schema\/logo\/image\/\",\"url\":\"https:\/\/foodtrucklesmordus.com\/wp-content\/uploads\/2022\/11\/cropped-les-mordus.png\",\"contentUrl\":\"https:\/\/foodtrucklesmordus.com\/wp-content\/uploads\/2022\/11\/cropped-les-mordus.png\",\"width\":500,\"height\":500,\"caption\":\"les mordus\"},\"image\":{\"@id\":\"https:\/\/foodtrucklesmordus.com\/#\/schema\/logo\/image\/\"},\"sameAs\":[\"https:\/\/www.facebook.com\/profile.php?id=100087249412629\",\"https:\/\/www.instagram.com\/foodtrucklesmordus\/?hl=fr\"]}]}<\/script>\n<!-- \/ Yoast SEO plugin. -->","yoast_head_json":{"title":"Emplacements | les mordus","description":"emplacement r\u00e9gulier du food truck les mordus \u00e0 aix-en-provence, food truck specialis\u00e9 dans les produits de la mer","robots":{"index":"index","follow":"follow","max-snippet":"max-snippet:-1","max-image-preview":"max-image-preview:large","max-video-preview":"max-video-preview:-1"},"canonical":"https:\/\/foodtrucklesmordus.com\/index.php\/emplacements\/","og_locale":"fr_FR","og_type":"article","og_title":"Emplacements | les mordus","og_description":"emplacement r\u00e9gulier du food truck les mordus \u00e0 aix-en-provence, food truck specialis\u00e9 dans les produits de la mer","og_url":"https:\/\/foodtrucklesmordus.com\/index.php\/emplacements\/","og_site_name":"les mordus","article_publisher":"https:\/\/www.facebook.com\/profile.php?id=100087249412629","article_modified_time":"2025-01-03T17:56:56+00:00","og_image":[{"url":"http:\/\/foodtrucklesmordus.com\/wp-content\/uploads\/2022\/11\/les-mordus-300x300.png","type":"","width":"","height":""}],"twitter_card":"summary_large_image","twitter_misc":{"Dur\u00e9e de lecture estim\u00e9e":"1 minute"},"schema":{"@context":"https:\/\/schema.org","@graph":[{"@type":"WebPage","@id":"https:\/\/foodtrucklesmordus.com\/index.php\/emplacements\/","url":"https:\/\/foodtrucklesmordus.com\/index.php\/emplacements\/","name":"Emplacements | les mordus","isPartOf":{"@id":"https:\/\/foodtrucklesmordus.com\/#website"},"primaryImageOfPage":{"@id":"https:\/\/foodtrucklesmordus.com\/index.php\/emplacements\/#primaryimage"},"image":{"@id":"https:\/\/foodtrucklesmordus.com\/index.php\/emplacements\/#primaryimage"},"thumbnailUrl":"http:\/\/foodtrucklesmordus.com\/wp-content\/uploads\/2022\/11\/les-mordus-300x300.png","datePublished":"2022-11-11T10:56:03+00:00","dateModified":"2025-01-03T17:56:56+00:00","description":"emplacement r\u00e9gulier du food truck les mordus \u00e0 aix-en-provence, food truck specialis\u00e9 dans les produits de la mer","breadcrumb":{"@id":"https:\/\/foodtrucklesmordus.com\/index.php\/emplacements\/#breadcrumb"},"inLanguage":"fr-FR","potentialAction":[{"@type":"ReadAction","target":["https:\/\/foodtrucklesmordus.com\/index.php\/emplacements\/"]}]},{"@type":"ImageObject","inLanguage":"fr-FR","@id":"https:\/\/foodtrucklesmordus.com\/index.php\/emplacements\/#primaryimage","url":"https:\/\/foodtrucklesmordus.com\/wp-content\/uploads\/2022\/11\/les-mordus.png","contentUrl":"https:\/\/foodtrucklesmordus.com\/wp-content\/uploads\/2022\/11\/les-mordus.png","width":500,"height":500},{"@type":"BreadcrumbList","@id":"https:\/\/foodtrucklesmordus.com\/index.php\/emplacements\/#breadcrumb","itemListElement":[{"@type":"ListItem","position":1,"name":"Accueil","item":"https:\/\/foodtrucklesmordus.com\/"},{"@type":"ListItem","position":2,"name":"Emplacements"}]},{"@type":"WebSite","@id":"https:\/\/foodtrucklesmordus.com\/#website","url":"https:\/\/foodtrucklesmordus.com\/","name":"food truck les mordus","description":"food truck produits de la mer","publisher":{"@id":"https:\/\/foodtrucklesmordus.com\/#organization"},"alternateName":"les mordus","potentialAction":[{"@type":"SearchAction","target":{"@type":"EntryPoint","urlTemplate":"https:\/\/foodtrucklesmordus.com\/?s={search_term_string}"},"query-input":{"@type":"PropertyValueSpecification","valueRequired":true,"valueName":"search_term_string"}}],"inLanguage":"fr-FR"},{"@type":"Organization","@id":"https:\/\/foodtrucklesmordus.com\/#organization","name":"les mordus","url":"https:\/\/foodtrucklesmordus.com\/","logo":{"@type":"ImageObject","inLanguage":"fr-FR","@id":"https:\/\/foodtrucklesmordus.com\/#\/schema\/logo\/image\/","url":"https:\/\/foodtrucklesmordus.com\/wp-content\/uploads\/2022\/11\/cropped-les-mordus.png","contentUrl":"https:\/\/foodtrucklesmordus.com\/wp-content\/uploads\/2022\/11\/cropped-les-mordus.png","width":500,"height":500,"caption":"les mordus"},"image":{"@id":"https:\/\/foodtrucklesmordus.com\/#\/schema\/logo\/image\/"},"sameAs":["https:\/\/www.facebook.com\/profile.php?id=100087249412629","https:\/\/www.instagram.com\/foodtrucklesmordus\/?hl=fr"]}]}},"_links":{"self":[{"href":"https:\/\/foodtrucklesmordus.com\/index.php\/wp-json\/wp\/v2\/pages\/279","targetHints":{"allow":["GET"]}}],"collection":[{"href":"https:\/\/foodtrucklesmordus.com\/index.php\/wp-json\/wp\/v2\/pages"}],"about":[{"href":"https:\/\/foodtrucklesmordus.com\/index.php\/wp-json\/wp\/v2\/types\/page"}],"author":[{"embeddable":true,"href":"https:\/\/foodtrucklesmordus.com\/index.php\/wp-json\/wp\/v2\/users\/1"}],"replies":[{"embeddable":true,"href":"https:\/\/foodtrucklesmordus.com\/index.php\/wp-json\/wp\/v2\/comments?post=279"}],"version-history":[{"count":64,"href":"https:\/\/foodtrucklesmordus.com\/index.php\/wp-json\/wp\/v2\/pages\/279\/revisions"}],"predecessor-version":[{"id":1450,"href":"https:\/\/foodtrucklesmordus.com\/index.php\/wp-json\/wp\/v2\/pages\/279\/revisions\/1450"}],"wp:attachment":[{"href":"https:\/\/foodtrucklesmordus.com\/index.php\/wp-json\/wp\/v2\/media?parent=279"}],"curies":[{"name":"wp","href":"https:\/\/api.w.org\/{rel}","templated":true}]}}