{"id":292,"date":"2022-11-11T11:16:24","date_gmt":"2022-11-11T11:16:24","guid":{"rendered":"https:\/\/foodtrucklesmordus.com\/?page_id=292"},"modified":"2026-01-04T20:18:32","modified_gmt":"2026-01-04T20:18:32","slug":"menus-avenirs","status":"publish","type":"page","link":"https:\/\/foodtrucklesmordus.com\/index.php\/menus-avenirs\/","title":{"rendered":"Menus \u00e0 venirs"},"content":{"rendered":"\t\t<div data-elementor-type=\"wp-page\" data-elementor-id=\"292\" class=\"elementor elementor-292\">\n\t\t\t\t\t\t<section class=\"elementor-section elementor-top-section elementor-element elementor-element-59df9245 elementor-section-boxed elementor-section-height-default elementor-section-height-default wpr-particle-no wpr-jarallax-no wpr-parallax-no wpr-sticky-section-no\" data-id=\"59df9245\" data-element_type=\"section\" data-settings=\"{&quot;background_background&quot;:&quot;classic&quot;}\">\n\t\t\t\t\t\t\t<div class=\"elementor-background-overlay\"><\/div>\n\t\t\t\t\t\t\t<div class=\"elementor-container elementor-column-gap-no\">\n\t\t\t\t\t<div class=\"elementor-column elementor-col-100 elementor-top-column elementor-element elementor-element-1c82d4b1\" data-id=\"1c82d4b1\" data-element_type=\"column\">\n\t\t\t<div class=\"elementor-widget-wrap elementor-element-populated\">\n\t\t\t\t\t\t<div class=\"elementor-element elementor-element-5f4c755c elementor-widget elementor-widget-heading\" data-id=\"5f4c755c\" data-element_type=\"widget\" data-widget_type=\"heading.default\">\n\t\t\t\t<div class=\"elementor-widget-container\">\n\t\t\t\t\t<h1 class=\"elementor-heading-title elementor-size-default\">The Menu \"Du moment\"<\/h1>\t\t\t\t<\/div>\n\t\t\t\t<\/div>\n\t\t\t\t\t<\/div>\n\t\t<\/div>\n\t\t\t\t\t<\/div>\n\t\t<\/section>\n\t\t\t\t<section class=\"elementor-section elementor-top-section elementor-element elementor-element-2632b49e elementor-section-boxed elementor-section-height-default elementor-section-height-default wpr-particle-no wpr-jarallax-no wpr-parallax-no wpr-sticky-section-no\" data-id=\"2632b49e\" data-element_type=\"section\">\n\t\t\t\t\t\t<div class=\"elementor-container elementor-column-gap-default\">\n\t\t\t\t\t<div class=\"elementor-column elementor-col-100 elementor-top-column elementor-element elementor-element-3969cc15\" data-id=\"3969cc15\" data-element_type=\"column\">\n\t\t\t<div class=\"elementor-widget-wrap elementor-element-populated\">\n\t\t\t\t\t\t<div class=\"elementor-element elementor-element-565a894c elementor-widget elementor-widget-text-editor\" data-id=\"565a894c\" data-element_type=\"widget\" data-widget_type=\"text-editor.default\">\n\t\t\t\t<div class=\"elementor-widget-container\">\n\t\t\t\t\t\t\t\t\t<p>Nos produits sont frais, locaux en majorit\u00e9 et de saisons. Cela implique la possibilit\u00e9 de changements de derni\u00e8re minute. <\/p>\t\t\t\t\t\t\t\t<\/div>\n\t\t\t\t<\/div>\n\t\t\t\t\t<\/div>\n\t\t<\/div>\n\t\t\t\t\t<\/div>\n\t\t<\/section>\n\t\t\t\t<section class=\"elementor-section elementor-top-section elementor-element elementor-element-c6eccf7 elementor-section-boxed elementor-section-height-default elementor-section-height-default wpr-particle-no wpr-jarallax-no wpr-parallax-no wpr-sticky-section-no\" data-id=\"c6eccf7\" data-element_type=\"section\">\n\t\t\t\t\t\t<div class=\"elementor-container elementor-column-gap-default\">\n\t\t\t\t\t<div class=\"elementor-column elementor-col-100 elementor-top-column elementor-element elementor-element-ced0c43\" data-id=\"ced0c43\" data-element_type=\"column\">\n\t\t\t<div class=\"elementor-widget-wrap elementor-element-populated\">\n\t\t\t\t\t\t<div class=\"elementor-element elementor-element-e685ba9 elementor-widget elementor-widget-image\" data-id=\"e685ba9\" data-element_type=\"widget\" data-widget_type=\"image.default\">\n\t\t\t\t<div class=\"elementor-widget-container\">\n\t\t\t\t\t\t\t\t\t\t\t\t\t\t\t<img fetchpriority=\"high\" decoding=\"async\" width=\"791\" height=\"1024\" src=\"https:\/\/foodtrucklesmordus.com\/wp-content\/uploads\/2026\/01\/copie-de-copie-de-jaune-et-noir-poisson-fruit-de-mer-nourriture-et-boissons-carte-menu2-791x1024.jpg\" class=\"attachment-large size-large wp-image-1684\" alt=\"\" srcset=\"https:\/\/foodtrucklesmordus.com\/wp-content\/uploads\/2026\/01\/copie-de-copie-de-jaune-et-noir-poisson-fruit-de-mer-nourriture-et-boissons-carte-menu2-791x1024.jpg 791w, https:\/\/foodtrucklesmordus.com\/wp-content\/uploads\/2026\/01\/copie-de-copie-de-jaune-et-noir-poisson-fruit-de-mer-nourriture-et-boissons-carte-menu2-232x300.jpg 232w, https:\/\/foodtrucklesmordus.com\/wp-content\/uploads\/2026\/01\/copie-de-copie-de-jaune-et-noir-poisson-fruit-de-mer-nourriture-et-boissons-carte-menu2-768x994.jpg 768w, https:\/\/foodtrucklesmordus.com\/wp-content\/uploads\/2026\/01\/copie-de-copie-de-jaune-et-noir-poisson-fruit-de-mer-nourriture-et-boissons-carte-menu2-1187x1536.jpg 1187w, https:\/\/foodtrucklesmordus.com\/wp-content\/uploads\/2026\/01\/copie-de-copie-de-jaune-et-noir-poisson-fruit-de-mer-nourriture-et-boissons-carte-menu2.jpg 1545w\" sizes=\"(max-width: 791px) 100vw, 791px\" \/>\t\t\t\t\t\t\t\t\t\t\t\t\t\t\t<\/div>\n\t\t\t\t<\/div>\n\t\t\t\t\t<\/div>\n\t\t<\/div>\n\t\t\t\t\t<\/div>\n\t\t<\/section>\n\t\t\t\t<section class=\"elementor-section elementor-top-section elementor-element elementor-element-1e482003 elementor-section-boxed elementor-section-height-default elementor-section-height-default wpr-particle-no wpr-jarallax-no wpr-parallax-no wpr-sticky-section-no\" data-id=\"1e482003\" data-element_type=\"section\">\n\t\t\t\t\t\t<div class=\"elementor-container elementor-column-gap-default\">\n\t\t\t\t\t<div class=\"elementor-column elementor-col-100 elementor-top-column elementor-element elementor-element-7fe12a79\" data-id=\"7fe12a79\" data-element_type=\"column\">\n\t\t\t<div class=\"elementor-widget-wrap elementor-element-populated\">\n\t\t\t\t\t\t<section class=\"elementor-section elementor-inner-section elementor-element elementor-element-56ea36f elementor-section-boxed elementor-section-height-default elementor-section-height-default wpr-particle-no wpr-jarallax-no wpr-parallax-no wpr-sticky-section-no\" data-id=\"56ea36f\" data-element_type=\"section\">\n\t\t\t\t\t\t<div class=\"elementor-container elementor-column-gap-default\">\n\t\t\t\t\t<div class=\"elementor-column elementor-col-33 elementor-inner-column elementor-element elementor-element-31d37a54\" data-id=\"31d37a54\" data-element_type=\"column\">\n\t\t\t<div class=\"elementor-widget-wrap elementor-element-populated\">\n\t\t\t\t\t\t<div class=\"elementor-element elementor-element-4069ae88 elementor-widget elementor-widget-heading\" data-id=\"4069ae88\" data-element_type=\"widget\" data-widget_type=\"heading.default\">\n\t\t\t\t<div class=\"elementor-widget-container\">\n\t\t\t\t\t<h2 class=\"elementor-heading-title elementor-size-xl\">carte bleu<\/h2>\t\t\t\t<\/div>\n\t\t\t\t<\/div>\n\t\t\t\t<div class=\"elementor-element elementor-element-46c6ce39 elementor-view-default elementor-widget elementor-widget-icon\" data-id=\"46c6ce39\" data-element_type=\"widget\" data-widget_type=\"icon.default\">\n\t\t\t\t<div class=\"elementor-widget-container\">\n\t\t\t\t\t\t\t<div class=\"elementor-icon-wrapper\">\n\t\t\t<div class=\"elementor-icon\">\n\t\t\t<i aria-hidden=\"true\" class=\"far fa-credit-card\"><\/i>\t\t\t<\/div>\n\t\t<\/div>\n\t\t\t\t\t\t<\/div>\n\t\t\t\t<\/div>\n\t\t\t\t\t<\/div>\n\t\t<\/div>\n\t\t\t\t<div class=\"elementor-column elementor-col-33 elementor-inner-column elementor-element elementor-element-5fdd16f9\" data-id=\"5fdd16f9\" data-element_type=\"column\">\n\t\t\t<div class=\"elementor-widget-wrap elementor-element-populated\">\n\t\t\t\t\t\t<div class=\"elementor-element elementor-element-5dc0b67d elementor-widget elementor-widget-heading\" data-id=\"5dc0b67d\" data-element_type=\"widget\" data-widget_type=\"heading.default\">\n\t\t\t\t<div class=\"elementor-widget-container\">\n\t\t\t\t\t<h2 class=\"elementor-heading-title elementor-size-xl\">liquide<\/h2>\t\t\t\t<\/div>\n\t\t\t\t<\/div>\n\t\t\t\t<div class=\"elementor-element elementor-element-3a7cdeb0 elementor-view-default elementor-widget elementor-widget-icon\" data-id=\"3a7cdeb0\" data-element_type=\"widget\" data-widget_type=\"icon.default\">\n\t\t\t\t<div class=\"elementor-widget-container\">\n\t\t\t\t\t\t\t<div class=\"elementor-icon-wrapper\">\n\t\t\t<div class=\"elementor-icon\">\n\t\t\t<i aria-hidden=\"true\" class=\"far fa-money-bill-alt\"><\/i>\t\t\t<\/div>\n\t\t<\/div>\n\t\t\t\t\t\t<\/div>\n\t\t\t\t<\/div>\n\t\t\t\t\t<\/div>\n\t\t<\/div>\n\t\t\t\t<div class=\"elementor-column elementor-col-33 elementor-inner-column elementor-element elementor-element-35134030\" data-id=\"35134030\" data-element_type=\"column\">\n\t\t\t<div class=\"elementor-widget-wrap elementor-element-populated\">\n\t\t\t\t\t\t<div class=\"elementor-element elementor-element-37cdc4b0 elementor-widget elementor-widget-heading\" data-id=\"37cdc4b0\" data-element_type=\"widget\" data-widget_type=\"heading.default\">\n\t\t\t\t<div class=\"elementor-widget-container\">\n\t\t\t\t\t<h2 class=\"elementor-heading-title elementor-size-xl\">ticket restaurant<\/h2>\t\t\t\t<\/div>\n\t\t\t\t<\/div>\n\t\t\t\t<div class=\"elementor-element elementor-element-29070f95 elementor-view-default elementor-widget elementor-widget-icon\" data-id=\"29070f95\" data-element_type=\"widget\" data-widget_type=\"icon.default\">\n\t\t\t\t<div class=\"elementor-widget-container\">\n\t\t\t\t\t\t\t<div class=\"elementor-icon-wrapper\">\n\t\t\t<div class=\"elementor-icon\">\n\t\t\t<i aria-hidden=\"true\" class=\"fas fa-money-check-alt\"><\/i>\t\t\t<\/div>\n\t\t<\/div>\n\t\t\t\t\t\t<\/div>\n\t\t\t\t<\/div>\n\t\t\t\t\t<\/div>\n\t\t<\/div>\n\t\t\t\t\t<\/div>\n\t\t<\/section>\n\t\t\t\t\t<\/div>\n\t\t<\/div>\n\t\t\t\t\t<\/div>\n\t\t<\/section>\n\t\t\t\t<\/div>\n\t\t","protected":false},"excerpt":{"rendered":"<p>The Menu \u00ab\u00a0Du moment\u00a0\u00bb Nos produits sont frais, locaux en majorit\u00e9 et de saisons. Cela implique la possibilit\u00e9 de changements de derni\u00e8re minute. carte bleu liquide ticket restaurant<\/p>\n","protected":false},"author":1,"featured_media":0,"parent":0,"menu_order":0,"comment_status":"closed","ping_status":"closed","template":"elementor_header_footer","meta":{"site-sidebar-layout":"no-sidebar","site-content-layout":"page-builder","ast-site-content-layout":"default","site-content-style":"default","site-sidebar-style":"default","ast-global-header-display":"","ast-banner-title-visibility":"","ast-main-header-display":"","ast-hfb-above-header-display":"","ast-hfb-below-header-display":"","ast-hfb-mobile-header-display":"","site-post-title":"disabled","ast-breadcrumbs-content":"","ast-featured-img":"disabled","footer-sml-layout":"","theme-transparent-header-meta":"","adv-header-id-meta":"","stick-header-meta":"","header-above-stick-meta":"","header-main-stick-meta":"","header-below-stick-meta":"","astra-migrate-meta-layouts":"default","ast-page-background-enabled":"default","ast-page-background-meta":{"desktop":{"background-color":"","background-image":"","background-repeat":"repeat","background-position":"center center","background-size":"auto","background-attachment":"scroll","background-type":"","background-media":"","overlay-type":"","overlay-color":"","overlay-opacity":"","overlay-gradient":""},"tablet":{"background-color":"","background-image":"","background-repeat":"repeat","background-position":"center center","background-size":"auto","background-attachment":"scroll","background-type":"","background-media":"","overlay-type":"","overlay-color":"","overlay-opacity":"","overlay-gradient":""},"mobile":{"background-color":"","background-image":"","background-repeat":"repeat","background-position":"center center","background-size":"auto","background-attachment":"scroll","background-type":"","background-media":"","overlay-type":"","overlay-color":"","overlay-opacity":"","overlay-gradient":""}},"ast-content-background-meta":{"desktop":{"background-color":"var(--ast-global-color-5)","background-image":"","background-repeat":"repeat","background-position":"center center","background-size":"auto","background-attachment":"scroll","background-type":"","background-media":"","overlay-type":"","overlay-color":"","overlay-opacity":"","overlay-gradient":""},"tablet":{"background-color":"var(--ast-global-color-5)","background-image":"","background-repeat":"repeat","background-position":"center center","background-size":"auto","background-attachment":"scroll","background-type":"","background-media":"","overlay-type":"","overlay-color":"","overlay-opacity":"","overlay-gradient":""},"mobile":{"background-color":"var(--ast-global-color-5)","background-image":"","background-repeat":"repeat","background-position":"center center","background-size":"auto","background-attachment":"scroll","background-type":"","background-media":"","overlay-type":"","overlay-color":"","overlay-opacity":"","overlay-gradient":""}},"footnotes":""},"class_list":["post-292","page","type-page","status-publish","hentry"],"yoast_head":"<!-- This site is optimized with the Yoast SEO plugin v26.6 - https:\/\/yoast.com\/wordpress\/plugins\/seo\/ -->\n<title>Menus \u00e0 venirs | les mordus<\/title>\n<meta name=\"robots\" content=\"index, follow, max-snippet:-1, max-image-preview:large, max-video-preview:-1\" \/>\n<link rel=\"canonical\" href=\"https:\/\/foodtrucklesmordus.com\/index.php\/menus-avenirs\/\" \/>\n<meta property=\"og:locale\" content=\"fr_FR\" \/>\n<meta property=\"og:type\" content=\"article\" \/>\n<meta property=\"og:title\" content=\"Menus \u00e0 venirs | les mordus\" \/>\n<meta property=\"og:description\" content=\"The Menu \u00ab\u00a0Du moment\u00a0\u00bb Nos produits sont frais, locaux en majorit\u00e9 et de saisons. Cela implique la possibilit\u00e9 de changements de derni\u00e8re minute. carte bleu liquide ticket restaurant\" \/>\n<meta property=\"og:url\" content=\"https:\/\/foodtrucklesmordus.com\/index.php\/menus-avenirs\/\" \/>\n<meta property=\"og:site_name\" content=\"les mordus\" \/>\n<meta property=\"article:publisher\" content=\"https:\/\/www.facebook.com\/profile.php?id=100087249412629\" \/>\n<meta property=\"article:modified_time\" content=\"2026-01-04T20:18:32+00:00\" \/>\n<meta property=\"og:image\" content=\"https:\/\/foodtrucklesmordus.com\/wp-content\/uploads\/2026\/01\/copie-de-copie-de-jaune-et-noir-poisson-fruit-de-mer-nourriture-et-boissons-carte-menu2-791x1024.jpg\" \/>\n<meta name=\"twitter:card\" content=\"summary_large_image\" \/>\n<meta name=\"twitter:label1\" content=\"Dur\u00e9e de lecture estim\u00e9e\" \/>\n\t<meta name=\"twitter:data1\" content=\"1 minute\" \/>\n<script type=\"application\/ld+json\" class=\"yoast-schema-graph\">{\"@context\":\"https:\/\/schema.org\",\"@graph\":[{\"@type\":\"WebPage\",\"@id\":\"https:\/\/foodtrucklesmordus.com\/index.php\/menus-avenirs\/\",\"url\":\"https:\/\/foodtrucklesmordus.com\/index.php\/menus-avenirs\/\",\"name\":\"Menus \u00e0 venirs | les mordus\",\"isPartOf\":{\"@id\":\"https:\/\/foodtrucklesmordus.com\/#website\"},\"primaryImageOfPage\":{\"@id\":\"https:\/\/foodtrucklesmordus.com\/index.php\/menus-avenirs\/#primaryimage\"},\"image\":{\"@id\":\"https:\/\/foodtrucklesmordus.com\/index.php\/menus-avenirs\/#primaryimage\"},\"thumbnailUrl\":\"https:\/\/foodtrucklesmordus.com\/wp-content\/uploads\/2026\/01\/copie-de-copie-de-jaune-et-noir-poisson-fruit-de-mer-nourriture-et-boissons-carte-menu2-791x1024.jpg\",\"datePublished\":\"2022-11-11T11:16:24+00:00\",\"dateModified\":\"2026-01-04T20:18:32+00:00\",\"breadcrumb\":{\"@id\":\"https:\/\/foodtrucklesmordus.com\/index.php\/menus-avenirs\/#breadcrumb\"},\"inLanguage\":\"fr-FR\",\"potentialAction\":[{\"@type\":\"ReadAction\",\"target\":[\"https:\/\/foodtrucklesmordus.com\/index.php\/menus-avenirs\/\"]}]},{\"@type\":\"ImageObject\",\"inLanguage\":\"fr-FR\",\"@id\":\"https:\/\/foodtrucklesmordus.com\/index.php\/menus-avenirs\/#primaryimage\",\"url\":\"https:\/\/foodtrucklesmordus.com\/wp-content\/uploads\/2026\/01\/copie-de-copie-de-jaune-et-noir-poisson-fruit-de-mer-nourriture-et-boissons-carte-menu2.jpg\",\"contentUrl\":\"https:\/\/foodtrucklesmordus.com\/wp-content\/uploads\/2026\/01\/copie-de-copie-de-jaune-et-noir-poisson-fruit-de-mer-nourriture-et-boissons-carte-menu2.jpg\",\"width\":1545,\"height\":1999},{\"@type\":\"BreadcrumbList\",\"@id\":\"https:\/\/foodtrucklesmordus.com\/index.php\/menus-avenirs\/#breadcrumb\",\"itemListElement\":[{\"@type\":\"ListItem\",\"position\":1,\"name\":\"Accueil\",\"item\":\"https:\/\/foodtrucklesmordus.com\/\"},{\"@type\":\"ListItem\",\"position\":2,\"name\":\"Menus \u00e0 venirs\"}]},{\"@type\":\"WebSite\",\"@id\":\"https:\/\/foodtrucklesmordus.com\/#website\",\"url\":\"https:\/\/foodtrucklesmordus.com\/\",\"name\":\"food truck les mordus\",\"description\":\"food truck produits de la mer\",\"publisher\":{\"@id\":\"https:\/\/foodtrucklesmordus.com\/#organization\"},\"alternateName\":\"les mordus\",\"potentialAction\":[{\"@type\":\"SearchAction\",\"target\":{\"@type\":\"EntryPoint\",\"urlTemplate\":\"https:\/\/foodtrucklesmordus.com\/?s={search_term_string}\"},\"query-input\":{\"@type\":\"PropertyValueSpecification\",\"valueRequired\":true,\"valueName\":\"search_term_string\"}}],\"inLanguage\":\"fr-FR\"},{\"@type\":\"Organization\",\"@id\":\"https:\/\/foodtrucklesmordus.com\/#organization\",\"name\":\"les mordus\",\"url\":\"https:\/\/foodtrucklesmordus.com\/\",\"logo\":{\"@type\":\"ImageObject\",\"inLanguage\":\"fr-FR\",\"@id\":\"https:\/\/foodtrucklesmordus.com\/#\/schema\/logo\/image\/\",\"url\":\"https:\/\/foodtrucklesmordus.com\/wp-content\/uploads\/2022\/11\/cropped-les-mordus.png\",\"contentUrl\":\"https:\/\/foodtrucklesmordus.com\/wp-content\/uploads\/2022\/11\/cropped-les-mordus.png\",\"width\":500,\"height\":500,\"caption\":\"les mordus\"},\"image\":{\"@id\":\"https:\/\/foodtrucklesmordus.com\/#\/schema\/logo\/image\/\"},\"sameAs\":[\"https:\/\/www.facebook.com\/profile.php?id=100087249412629\",\"https:\/\/www.instagram.com\/foodtrucklesmordus\/?hl=fr\"]}]}<\/script>\n<!-- \/ Yoast SEO plugin. -->","yoast_head_json":{"title":"Menus \u00e0 venirs | les mordus","robots":{"index":"index","follow":"follow","max-snippet":"max-snippet:-1","max-image-preview":"max-image-preview:large","max-video-preview":"max-video-preview:-1"},"canonical":"https:\/\/foodtrucklesmordus.com\/index.php\/menus-avenirs\/","og_locale":"fr_FR","og_type":"article","og_title":"Menus \u00e0 venirs | les mordus","og_description":"The Menu \u00ab\u00a0Du moment\u00a0\u00bb Nos produits sont frais, locaux en majorit\u00e9 et de saisons. Cela implique la possibilit\u00e9 de changements de derni\u00e8re minute. carte bleu liquide ticket restaurant","og_url":"https:\/\/foodtrucklesmordus.com\/index.php\/menus-avenirs\/","og_site_name":"les mordus","article_publisher":"https:\/\/www.facebook.com\/profile.php?id=100087249412629","article_modified_time":"2026-01-04T20:18:32+00:00","og_image":[{"url":"https:\/\/foodtrucklesmordus.com\/wp-content\/uploads\/2026\/01\/copie-de-copie-de-jaune-et-noir-poisson-fruit-de-mer-nourriture-et-boissons-carte-menu2-791x1024.jpg","type":"","width":"","height":""}],"twitter_card":"summary_large_image","twitter_misc":{"Dur\u00e9e de lecture estim\u00e9e":"1 minute"},"schema":{"@context":"https:\/\/schema.org","@graph":[{"@type":"WebPage","@id":"https:\/\/foodtrucklesmordus.com\/index.php\/menus-avenirs\/","url":"https:\/\/foodtrucklesmordus.com\/index.php\/menus-avenirs\/","name":"Menus \u00e0 venirs | les mordus","isPartOf":{"@id":"https:\/\/foodtrucklesmordus.com\/#website"},"primaryImageOfPage":{"@id":"https:\/\/foodtrucklesmordus.com\/index.php\/menus-avenirs\/#primaryimage"},"image":{"@id":"https:\/\/foodtrucklesmordus.com\/index.php\/menus-avenirs\/#primaryimage"},"thumbnailUrl":"https:\/\/foodtrucklesmordus.com\/wp-content\/uploads\/2026\/01\/copie-de-copie-de-jaune-et-noir-poisson-fruit-de-mer-nourriture-et-boissons-carte-menu2-791x1024.jpg","datePublished":"2022-11-11T11:16:24+00:00","dateModified":"2026-01-04T20:18:32+00:00","breadcrumb":{"@id":"https:\/\/foodtrucklesmordus.com\/index.php\/menus-avenirs\/#breadcrumb"},"inLanguage":"fr-FR","potentialAction":[{"@type":"ReadAction","target":["https:\/\/foodtrucklesmordus.com\/index.php\/menus-avenirs\/"]}]},{"@type":"ImageObject","inLanguage":"fr-FR","@id":"https:\/\/foodtrucklesmordus.com\/index.php\/menus-avenirs\/#primaryimage","url":"https:\/\/foodtrucklesmordus.com\/wp-content\/uploads\/2026\/01\/copie-de-copie-de-jaune-et-noir-poisson-fruit-de-mer-nourriture-et-boissons-carte-menu2.jpg","contentUrl":"https:\/\/foodtrucklesmordus.com\/wp-content\/uploads\/2026\/01\/copie-de-copie-de-jaune-et-noir-poisson-fruit-de-mer-nourriture-et-boissons-carte-menu2.jpg","width":1545,"height":1999},{"@type":"BreadcrumbList","@id":"https:\/\/foodtrucklesmordus.com\/index.php\/menus-avenirs\/#breadcrumb","itemListElement":[{"@type":"ListItem","position":1,"name":"Accueil","item":"https:\/\/foodtrucklesmordus.com\/"},{"@type":"ListItem","position":2,"name":"Menus \u00e0 venirs"}]},{"@type":"WebSite","@id":"https:\/\/foodtrucklesmordus.com\/#website","url":"https:\/\/foodtrucklesmordus.com\/","name":"food truck les mordus","description":"food truck produits de la mer","publisher":{"@id":"https:\/\/foodtrucklesmordus.com\/#organization"},"alternateName":"les mordus","potentialAction":[{"@type":"SearchAction","target":{"@type":"EntryPoint","urlTemplate":"https:\/\/foodtrucklesmordus.com\/?s={search_term_string}"},"query-input":{"@type":"PropertyValueSpecification","valueRequired":true,"valueName":"search_term_string"}}],"inLanguage":"fr-FR"},{"@type":"Organization","@id":"https:\/\/foodtrucklesmordus.com\/#organization","name":"les mordus","url":"https:\/\/foodtrucklesmordus.com\/","logo":{"@type":"ImageObject","inLanguage":"fr-FR","@id":"https:\/\/foodtrucklesmordus.com\/#\/schema\/logo\/image\/","url":"https:\/\/foodtrucklesmordus.com\/wp-content\/uploads\/2022\/11\/cropped-les-mordus.png","contentUrl":"https:\/\/foodtrucklesmordus.com\/wp-content\/uploads\/2022\/11\/cropped-les-mordus.png","width":500,"height":500,"caption":"les mordus"},"image":{"@id":"https:\/\/foodtrucklesmordus.com\/#\/schema\/logo\/image\/"},"sameAs":["https:\/\/www.facebook.com\/profile.php?id=100087249412629","https:\/\/www.instagram.com\/foodtrucklesmordus\/?hl=fr"]}]}},"_links":{"self":[{"href":"https:\/\/foodtrucklesmordus.com\/index.php\/wp-json\/wp\/v2\/pages\/292","targetHints":{"allow":["GET"]}}],"collection":[{"href":"https:\/\/foodtrucklesmordus.com\/index.php\/wp-json\/wp\/v2\/pages"}],"about":[{"href":"https:\/\/foodtrucklesmordus.com\/index.php\/wp-json\/wp\/v2\/types\/page"}],"author":[{"embeddable":true,"href":"https:\/\/foodtrucklesmordus.com\/index.php\/wp-json\/wp\/v2\/users\/1"}],"replies":[{"embeddable":true,"href":"https:\/\/foodtrucklesmordus.com\/index.php\/wp-json\/wp\/v2\/comments?post=292"}],"version-history":[{"count":38,"href":"https:\/\/foodtrucklesmordus.com\/index.php\/wp-json\/wp\/v2\/pages\/292\/revisions"}],"predecessor-version":[{"id":1690,"href":"https:\/\/foodtrucklesmordus.com\/index.php\/wp-json\/wp\/v2\/pages\/292\/revisions\/1690"}],"wp:attachment":[{"href":"https:\/\/foodtrucklesmordus.com\/index.php\/wp-json\/wp\/v2\/media?parent=292"}],"curies":[{"name":"wp","href":"https:\/\/api.w.org\/{rel}","templated":true}]}}